{"id":936,"date":"2020-03-06T21:31:13","date_gmt":"2020-03-06T20:31:13","guid":{"rendered":"https:\/\/www.unterweckerlerhof.it\/cookie-policy\/"},"modified":"2022-11-09T22:02:52","modified_gmt":"2022-11-09T21:02:52","slug":"cookie-policy","status":"publish","type":"page","link":"https:\/\/www.unterweckerlerhof.it\/it\/cookie-policy\/","title":{"rendered":"Cookie Policy"},"content":{"rendered":"<p>[et_pb_section fb_built=&#8221;1&#8243; admin_label=&#8221;Header&#8221; _builder_version=&#8221;4.16&#8243; use_background_color_gradient=&#8221;on&#8221; background_color_gradient_type=&#8221;circular&#8221; background_color_gradient_direction_radial=&#8221;top left&#8221; background_color_gradient_stops=&#8221;rgba(255,255,255,0.4) 30%|rgba(255,255,255,0) 80%&#8221; background_color_gradient_overlays_image=&#8221;on&#8221; background_color_gradient_start=&#8221;rgba(255,255,255,0.4)&#8221; background_color_gradient_start_position=&#8221;30%&#8221; background_color_gradient_end=&#8221;rgba(255,255,255,0)&#8221; background_color_gradient_end_position=&#8221;80%&#8221; background_image=&#8221;https:\/\/www.unterweckerlerhof.it\/wp-content\/uploads\/2020\/03\/St.-Magdalena-\u00a9TV-Gsieser-Tal_Georg-Hofer.jpg&#8221; custom_padding=&#8221;17vw|0px|280px|0px|false|false&#8221; global_colors_info=&#8221;{}&#8221;][et_pb_row _builder_version=&#8221;4.16&#8243; global_colors_info=&#8221;{}&#8221;][et_pb_column type=&#8221;4_4&#8243; _builder_version=&#8221;4.16&#8243; custom_padding=&#8221;|||&#8221; global_colors_info=&#8221;{}&#8221; custom_padding__hover=&#8221;|||&#8221;][et_pb_text _builder_version=&#8221;4.16&#8243; text_font=&#8221;||||||||&#8221; header_font=&#8221;Raleway|700|||||||&#8221; header_font_size=&#8221;80px&#8221; header_line_height=&#8221;1.2em&#8221; header_5_font=&#8221;Raleway|700||on|||||&#8221; header_5_text_color=&#8221;#000000&#8243; header_5_font_size=&#8221;20px&#8221; header_5_letter_spacing=&#8221;0.5em&#8221; header_5_line_height=&#8221;1.8em&#8221; animation_style=&#8221;zoom&#8221; animation_intensity_zoom=&#8221;5%&#8221; header_font_size_tablet=&#8221;48px&#8221; header_font_size_phone=&#8221;32px&#8221; header_font_size_last_edited=&#8221;on|phone&#8221; header_5_font_size_tablet=&#8221;14px&#8221; header_5_font_size_phone=&#8221;12px&#8221; header_5_font_size_last_edited=&#8221;on|desktop&#8221; global_colors_info=&#8221;{}&#8221;]<\/p>\n<h5><\/h5>\n<h1>Cookie Policy<\/h1>\n<p>[\/et_pb_text][\/et_pb_column][\/et_pb_row][\/et_pb_section][et_pb_section fb_built=&#8221;1&#8243; admin_label=&#8221;Blog&#8221; _builder_version=&#8221;4.16&#8243; background_color=&#8221;#ffffff&#8221; max_width=&#8221;90%&#8221; max_width_tablet=&#8221;&#8221; max_width_phone=&#8221;100%&#8221; max_width_last_edited=&#8221;on|phone&#8221; custom_margin=&#8221;-160px|||&#8221; border_color_all=&#8221;#ffffff&#8221; border_width_left=&#8221;10vw&#8221; global_colors_info=&#8221;{}&#8221;][et_pb_row _builder_version=&#8221;4.16&#8243; global_colors_info=&#8221;{}&#8221;][et_pb_column type=&#8221;4_4&#8243; _builder_version=&#8221;4.16&#8243; global_colors_info=&#8221;{}&#8221;][et_pb_accordion _builder_version=&#8221;4.19.0&#8243; hover_enabled=&#8221;0&#8243; global_colors_info=&#8221;{}&#8221; sticky_enabled=&#8221;0&#8243;][et_pb_accordion_item open=&#8221;on&#8221; _builder_version=&#8221;4.19.0&#8243; hover_enabled=&#8221;0&#8243; global_colors_info=&#8221;{}&#8221; sticky_enabled=&#8221;0&#8243;]<\/p>\n<h3><strong>Cosa sono i cookie?<\/strong><\/h3>\n<p>I cookie sono piccoli file di testo che vengono salvati sul tuo computer quando visiti determinati siti internet. Per il sito web e relativi sotto-domini utilizziamo cookie, chiedendone il consenso all\u2019utente ove la legge o i regolamenti applicabili lo prevedano, per agevolare la navigazione e personalizzare le informazioni rivolte all\u2019utente. Utilizziamo inoltre sistemi simili per raccogliere informazioni sugli utenti, quali ad esempio indirizzo IP, tipo di browser e sistema operativo utilizzato e\/o pagine web visitate da un utente, per finalit\u00e0 statistiche o di sicurezza. Ti informiamo che se deciderai di disabilitare o rifiutare i cookie alcune parti del sito web\u00a0\u2013 e relativi sotto-domini potrebbero essere inaccessibili o non funzionare correttamente. Pertanto per un utilizzo agevolato e completo di questo sito sarebbe opportuno che l\u2019utente configurasse il proprio browser in modo che accetti la ricezione di tali cookie I cookie non sono dannosi per il tuo computer, tablet o smartphone. Nei cookie generati dal sito\u00a0web , non vengono conservate dati identificative personali ma solo informazioni criptate. <em>\u00a0<\/em><\/p>\n<h3><strong>Tipologie di cookie<\/strong><\/h3>\n<p>Il sito web e relativi sotto-domini utilizzano i seguenti cookie: <em>\u00a0<\/em><\/p>\n<h3><strong>Cookie tecnici<\/strong><\/h3>\n<p>Questi cookie sono fondamentali per permetterti di navigare sul sito ed utilizzare le sue funzionalit\u00e0. Senza cookie \u00e8 possibile che alcune funzionalit\u00e0 non siano accessibili o non funzionino correttamente. I cookie strettamente necessari sono utilizzati per memorizzare un identificatore al fine di individuare l\u2019utente in modo unico rispetto ad altri utenti, in modo da fornire all\u2019utente un servizio coerente e preciso. \u00a0<\/p>\n<h3><strong>Performance cookie<\/strong><\/h3>\n<p>Questi cookie possono essere nostri o di partner, di sessione o persistenti. Il loro utilizzo \u00e8 limitato alla performance e al miglioramento del sito. Questi cookie non raccolgono informazioni che possono identificare l\u2019utente. Tutte le informazioni raccolte da questi cookie sono aggregate in forma anonima e sono utilizzate solo per migliorare la funzionalit\u00e0 del sito. \u00a0<\/p>\n<h3><strong>Cookie funzionali<\/strong><\/h3>\n<p>I cookie solitamente sono conseguenti ad un\u2019azione dell\u2019utente, ma possono essere anche implementati nella fornitura di un servizio, non esplicitamente richiesto, ma offerto all\u2019utente. Possono essere inoltre utilizzati per evitare di offrire nuovamente ad uno specifico utente un servizio gi\u00e0 proposto. Inoltre, questi cookie permettono al sito di tenere traccia delle scelte dell\u2019utente. Le informazioni raccolte da questi cookie sono anonime e non possono ricondurre il comportamento dell\u2019utente su altri siti. <em>\u00a0<\/em><\/p>\n<h3><strong>Cookie di terze parti per marketing<\/strong><\/h3>\n<p>Questi cookie sono utilizzati da partner del sito web, al fine di proporre nostri messaggi pubblicitari quando visiti altri siti, mostrando ad esempio gli ultimi prodotti che hai visualizzato sul sito. Questi cookie possono essere utilizzati anche per mostrare prodotti che potrebbero interessarti o simili a quelli che hai visualizzato precedentemente. L\u2019uso di questi cookie non implica il trattamento di dati personali, ma pu\u00f2 consentire la connessione al browser installato sul tuo computer o su altri dispositivi utilizzati durante la navigazione. <em>\u00a0<\/em><\/p>\n<h3><strong>Elenco dei Cookie<\/strong><\/h3>\n<p>Elenco di tutti i cookie utilizzati sul sito:<\/p>\n<ul>\n<li><strong>wp-settings-1*, WordPress<\/strong><\/li>\n<li><strong>wp-settings-time-1*, WordPress<\/strong><\/li>\n<li><strong>_icl_current_language , WPML.org<\/strong><\/li>\n<li><strong>_icl_visitor_lang_js<\/strong>,\u00a0<strong>org<\/strong><\/li>\n<li><strong>_wpml_browser_redirect_test<\/strong>,\u00a0<strong>org<\/strong><\/li>\n<li><strong>_fbp doubleclick.net Youtube Werbeanalyse<\/strong><\/li>\n<li><strong>id doubleclick.net\u00a0Youtube Werbeanalyse<\/strong><\/li>\n<li><strong>Youtube Video Analisi<\/strong><\/li>\n<\/ul>\n<p>&nbsp;<\/p>\n<h3><strong>Come disabilitare i cookie<\/strong><\/h3>\n<p>Le norme sulla protezione dei dati personali prevedono che l\u2019utente possa disabilitare cookie gi\u00e0 somministrati (\u201copt-out\u201d). L\u2019opt-out \u00e8 previsto per i cd. \u201ccookie tecnici\u201d (art.122 del Codice della Privacy), nonch\u00e9 per i cookie che non rientrino tra i \u201ccookie tecnici\u201d precedentemente accettati (\u201copt in\u201d) dall\u2019utente. <strong>\u00a0<\/strong> <strong>Come disabilitare i cookie nei vari browser<\/strong> <strong>\u00a0<\/strong> <strong>Internet Explorer<\/strong> Per informazioni dettagliate, si prega di visitare il sito: <a href=\"https:\/\/support.microsoft.com\/it-it\/products\/windows?os=windows-10\">https:\/\/support.microsoft.com\/it-it\/products\/windows?os=windows-10<\/a> <strong>\u00a0<\/strong> <strong>Firefox<\/strong> Per informazioni dettagliate, si prega di visitare il sito: <a href=\"https:\/\/support.mozilla.org\/it\/kb\/Bloccare%20i%20cookie\">https:\/\/support.mozilla.org\/it\/kb\/Bloccare%20i%20cookie<\/a> <strong>\u00a0<\/strong> <strong>Safari<\/strong> Per informazioni dettagliate, si prega di visitare il sito: <a href=\"https:\/\/support.apple.com\/kb\/PH5042?locale=en_US\">https:\/\/support.apple.com\/kb\/PH5042?locale=en_US<\/a> <strong>\u00a0<\/strong> <strong>Google Chrome<\/strong> Per informazioni dettagliate, si prega di visitare il sito: <a href=\"https:\/\/support.google.com\/chrome\/answer\/95647?hl=it\">https:\/\/support.google.com\/chrome\/answer\/95647?hl=it<\/a> \u00a0 \u00a0 In forza di tale distinzione, l\u2019utente potr\u00e0 procedere alla disabilitazione e\/o cancellazione dei cookie (\u201copt-out\u201d) mediante le relative impostazioni del proprio browser e alla disabilitazione e\/o cancellazione dei singoli cookie non \u201ctecnici\u201d somministrati dalle terze parti accedendo al sito web gestito da European Interactive Digital Advertising Alliance (EDAA) all\u2019indirizzo\u00a0<a href=\"http:\/\/www.youronlinechoices.eu\/\">www.youronlinechoices.eu<\/a>. \u00a0<\/p>\n<h3><strong>Informazioni generali sull&#8217;utilizzo dei video (ad es. YouTube)<\/strong> \u00a0<\/h3>\n<p>Questo sito web utilizza la funzione di incorporazione di Youtube per visualizzare e riprodurre video da Youtube. Utilizziamo la modalit\u00e0 di privacy avanzata che, secondo il provider, non avvia la memorizzazione delle informazioni dell&#8217;utente fino a quando il video non viene riprodotto. Nel momento in cui inizia la riproduzione del video incorporato, Youtube utilizza i cookie per raccogliere informazioni sul comportamento dell&#8217;utente. Secondo le informazioni fornite da YouTube, queste vengono utilizzate, tra l&#8217;altro, per raccogliere statistiche video, migliorare la facilit\u00e0 d&#8217;uso e prevenire comportamenti abusivi. Indipendentemente dalla riproduzione dei video incorporati, ogni volta che visitate questo sito web, viene stabilita una connessione alla rete Google &#8220;DoubleClick&#8221;, che pu\u00f2 innescare ulteriori operazioni di elaborazione dei dati senza la nostra influenza. DoubleClick &#8211; pubblicit\u00e0 personalizzata: DoubleClick \u00e8 corresponsabile di garantire che gli utenti ricevano pubblicit\u00e0 personalizzata. Ad esempio, se fate ricerche sul tema delle scarpe per l&#8217;outdoor, vi troverete in un articolo della S\u00fcddeutsche Zeitung che leggete online, un annuncio per i giramondo, ecc. &#8220;Sebbene la connessione a DoubleClick non comporti l&#8217;impostazione di cookie DoubleClick in aggiunta ai cookie di YouTube, se uno dei &#8220;cookie&#8221; della rete pubblicitaria \u00e8 gi\u00e0 presente nella cache del browser, gli ID dei cookie vengono trasferiti a DoubleClick&#8221; Fonte: ct&#8217;Webdesign (2017) \u00a0 <u>Disattivare la pubblicit\u00e0 personale nel browser tramite i plugin del browser<\/u> Per ulteriori informazioni sull&#8217;informativa sulla privacy di YouTube, consultare l&#8217;informativa sulla privacy del fornitore all&#8217;indirizzo: https:\/\/www.google.de\/intl\/de\/policies\/privacy\/<\/p>\n<p>[\/et_pb_accordion_item][\/et_pb_accordion][\/et_pb_column][\/et_pb_row][\/et_pb_section]<\/p>\n","protected":false},"excerpt":{"rendered":"<p>Cookie PolicyCosa sono i cookie? I cookie sono piccoli file di testo che vengono salvati sul tuo computer quando visiti determinati siti internet. Per il sito web e relativi sotto-domini utilizziamo cookie, chiedendone il consenso all\u2019utente ove la legge o i regolamenti applicabili lo prevedano, per agevolare la navigazione e personalizzare le informazioni rivolte all\u2019utente. [&hellip;]<\/p>\n","protected":false},"author":1,"featured_media":0,"parent":0,"menu_order":0,"comment_status":"closed","ping_status":"closed","template":"","meta":{"_et_pb_use_builder":"on","_et_pb_old_content":"","_et_gb_content_width":"","footnotes":""},"class_list":["post-936","page","type-page","status-publish","hentry"],"aioseo_notices":[],"_links":{"self":[{"href":"https:\/\/www.unterweckerlerhof.it\/it\/wp-json\/wp\/v2\/pages\/936","targetHints":{"allow":["GET"]}}],"collection":[{"href":"https:\/\/www.unterweckerlerhof.it\/it\/wp-json\/wp\/v2\/pages"}],"about":[{"href":"https:\/\/www.unterweckerlerhof.it\/it\/wp-json\/wp\/v2\/types\/page"}],"author":[{"embeddable":true,"href":"https:\/\/www.unterweckerlerhof.it\/it\/wp-json\/wp\/v2\/users\/1"}],"replies":[{"embeddable":true,"href":"https:\/\/www.unterweckerlerhof.it\/it\/wp-json\/wp\/v2\/comments?post=936"}],"version-history":[{"count":0,"href":"https:\/\/www.unterweckerlerhof.it\/it\/wp-json\/wp\/v2\/pages\/936\/revisions"}],"wp:attachment":[{"href":"https:\/\/www.unterweckerlerhof.it\/it\/wp-json\/wp\/v2\/media?parent=936"}],"curies":[{"name":"wp","href":"https:\/\/api.w.org\/{rel}","templated":true}]}}