{"id":890,"date":"2020-03-06T21:31:21","date_gmt":"2020-03-06T20:31:21","guid":{"rendered":"https:\/\/www.unterweckerlerhof.it\/credits\/"},"modified":"2024-11-26T21:06:08","modified_gmt":"2024-11-26T20:06:08","slug":"credits","status":"publish","type":"page","link":"https:\/\/www.unterweckerlerhof.it\/it\/credits\/","title":{"rendered":"Credits"},"content":{"rendered":"<p>[et_pb_section fb_built=&#8221;1&#8243; admin_label=&#8221;Header&#8221; _builder_version=&#8221;4.16&#8243; use_background_color_gradient=&#8221;on&#8221; background_color_gradient_type=&#8221;circular&#8221; background_color_gradient_direction_radial=&#8221;top left&#8221; background_color_gradient_stops=&#8221;rgba(255,255,255,0.4) 30%|rgba(255,255,255,0) 80%&#8221; background_color_gradient_overlays_image=&#8221;on&#8221; background_color_gradient_start=&#8221;rgba(255,255,255,0.4)&#8221; background_color_gradient_start_position=&#8221;30%&#8221; background_color_gradient_end=&#8221;rgba(255,255,255,0)&#8221; background_color_gradient_end_position=&#8221;80%&#8221; background_image=&#8221;https:\/\/www.unterweckerlerhof.it\/wp-content\/uploads\/2020\/03\/cTV-Gsieser-Tal_Kamilla-Photography-3U4A5966.jpg&#8221; custom_padding=&#8221;17vw|0px|280px|0px|false|false&#8221; global_colors_info=&#8221;{}&#8221;][et_pb_row _builder_version=&#8221;4.16&#8243; global_colors_info=&#8221;{}&#8221;][et_pb_column type=&#8221;4_4&#8243; _builder_version=&#8221;4.16&#8243; custom_padding=&#8221;|||&#8221; global_colors_info=&#8221;{}&#8221; custom_padding__hover=&#8221;|||&#8221;][et_pb_text _builder_version=&#8221;4.16&#8243; text_font=&#8221;||||||||&#8221; header_font=&#8221;Raleway|700|||||||&#8221; header_font_size=&#8221;80px&#8221; header_line_height=&#8221;1.2em&#8221; header_5_font=&#8221;Raleway|700||on|||||&#8221; header_5_text_color=&#8221;#000000&#8243; header_5_font_size=&#8221;20px&#8221; header_5_letter_spacing=&#8221;0.5em&#8221; header_5_line_height=&#8221;1.8em&#8221; animation_style=&#8221;zoom&#8221; animation_intensity_zoom=&#8221;5%&#8221; header_font_size_tablet=&#8221;48px&#8221; header_font_size_phone=&#8221;32px&#8221; header_font_size_last_edited=&#8221;on|phone&#8221; header_5_font_size_tablet=&#8221;14px&#8221; header_5_font_size_phone=&#8221;12px&#8221; header_5_font_size_last_edited=&#8221;on|desktop&#8221; global_colors_info=&#8221;{}&#8221;]<\/p>\n<h5>\u00a0<\/h5>\n<h1>Credits<\/h1>\n<p>[\/et_pb_text][\/et_pb_column][\/et_pb_row][\/et_pb_section][et_pb_section fb_built=&#8221;1&#8243; admin_label=&#8221;Blog&#8221; _builder_version=&#8221;4.16&#8243; background_color=&#8221;#ffffff&#8221; max_width=&#8221;90%&#8221; max_width_tablet=&#8221;&#8221; max_width_phone=&#8221;100%&#8221; max_width_last_edited=&#8221;on|phone&#8221; custom_margin=&#8221;-160px|||&#8221; border_color_all=&#8221;#ffffff&#8221; border_width_left=&#8221;10vw&#8221; global_colors_info=&#8221;{}&#8221;][et_pb_row _builder_version=&#8221;4.16&#8243; global_colors_info=&#8221;{}&#8221;][et_pb_column type=&#8221;4_4&#8243; _builder_version=&#8221;4.16&#8243; global_colors_info=&#8221;{}&#8221;][et_pb_accordion _builder_version=&#8221;4.27.4&#8243; hover_enabled=&#8221;0&#8243; global_colors_info=&#8221;{}&#8221; sticky_enabled=&#8221;0&#8243;][et_pb_accordion_item title=&#8221;Committente e responsabile per i contenuti:&#8221; open=&#8221;off&#8221; _builder_version=&#8221;4.27.0&#8243; global_colors_info=&#8221;{}&#8221;]<\/p>\n<p>Brugger Otto<\/p>\n<p>Via Pater-Haspinger 2<\/p>\n<p>39030 \u2013 S. Maddalena Casies<\/p>\n<p>Provincia di Bolzano Alto Adige \u2013 Italien \u00a0<\/p>\n<p>PEC Email: <a href=\"mailto:ottobrugger@pec.it\">ottobrugger@pec.it<\/a><\/p>\n<p>Email: <a href=\"mailto:info@unterweckerlerhof.it\">info@unterweckerlerhof.it<\/a><\/p>\n<p>Sitoweb: <a href=\"https:\/\/www.unterweckerlerhof.it\/it\/\">www.unterweckerlerhof.it<\/a> \u00a0<\/p>\n<p>Tel.: +39-0474-835-855<\/p>\n<p>P.IVA.\u00a0\u00a002963330218<\/p>\n<p>Cod.Fisc. BRGTTO82C09B220F \u00a0<\/p>\n<p>CIN: IT021109B5TIKD67EG<\/p>\n<p>Codice destinatario: ottobrugger@pec.it<\/p>\n<p>Camera di Commercio di Bolzano VWV BZ \u2013 220319 \u00a0<\/p>\n<p>[\/et_pb_accordion_item][et_pb_accordion_item title=&#8221;Concezione, design e programmazione:&#8221; _builder_version=&#8221;4.16&#8243; global_colors_info=&#8221;{}&#8221; open=&#8221;off&#8221;]<\/p>\n<p>kurisMEDiA di Raffeiner Kurt <a href=\"mailto:info@kurismedia.com\">info@kurismedia.com<\/a> <a href=\"https:\/\/www.kurismedia.com\/\">www.kurismedia.com<\/a> \u00a0 <img loading=\"lazy\" decoding=\"async\" class=\"wp-image-77 alignnone size-full\" src=\"https:\/\/www.unterweckerlerhof.it\/wp-content\/uploads\/2020\/03\/kurismedia_rund.png\" alt=\"\" width=\"180\" height=\"180\" \/><\/p>\n<p>[\/et_pb_accordion_item][et_pb_accordion_item title=&#8221;Contenuto&#8221; _builder_version=&#8221;4.16&#8243; global_colors_info=&#8221;{}&#8221; open=&#8221;off&#8221;]<\/p>\n<p>I contenuti e le informazioni presenti su questo sito Web sono stati da noi accuratamente controllati. Ci\u00f2 nonostante non ci assumiamo alcuna responsabilit\u00e0 n\u00e9 forniamo garanzie circa la loro esattezza e completezza. Ci riserviamo il diritto di aggiornare, modificare o integrare senza preavviso le informazioni messe a disposizione.<\/p>\n<p>[\/et_pb_accordion_item][et_pb_accordion_item title=&#8221;Rimandi e link&#8221; _builder_version=&#8221;4.16&#8243; global_colors_info=&#8221;{}&#8221; open=&#8221;off&#8221;]<\/p>\n<p>Non ci assumiamo alcuna responsabilit\u00e0 per i contenuti dei link esterni. La responsabilit\u00e0 per il contenuto delle pagine visitabili tramite i link \u00e8 esclusivamente dei gestori delle pagine.<\/p>\n<p>[\/et_pb_accordion_item][et_pb_accordion_item title=&#8221;Copyright (diritto d&#039;autore e dei segni distintivi)&#8221; _builder_version=&#8221;4.16&#8243; global_colors_info=&#8221;{}&#8221; open=&#8221;off&#8221;]<\/p>\n<p>Il contenuto di questo sito Web \u00e8 protetto da copyright e non pu\u00f2 essere riprodotto o utilizzato in altre pubblicazioni stampate o elettroniche senza la nostra espressa autorizzazione.<\/p>\n<p>[\/et_pb_accordion_item][et_pb_accordion_item title=&#8221;SSL-codifica&#8221; _builder_version=&#8221;4.16&#8243; global_colors_info=&#8221;{}&#8221; open=&#8221;off&#8221;]<\/p>\n<p>Questo sito utilizza la crittografia SSL per motivi di sicurezza e per la protezione della trasmissione di contenuti riservati, come le richieste inviate a noi come operatore del sito. Una connessione crittografata indica che la linea di indirizzo del browser cambia da \u201chttp\u201d a \u201chttps\u201d e dall\u2019icona di blocco nella linea del browser. Se la crittografia SSL \u00e8 attivata, i dati che ci trasferiscono non possono essere letti da terzi.<\/p>\n<p>[\/et_pb_accordion_item][et_pb_accordion_item title=&#8221;Validit\u00e0 giuridica&#8221; _builder_version=&#8221;4.16&#8243; global_colors_info=&#8221;{}&#8221; open=&#8221;off&#8221;]<\/p>\n<p>Qualora parti o singole formulazioni del presente testo non corrispondano, non corrispondano pi\u00f9 o non corrispondano integralmente alla vigente situazione giuridica, restano comunque immutati il contenuto e la validit\u00e0 delle altre parti del documento. Dall\u2019uso del sito Web non deriva alcun diritto n\u00e9 alcun contratto. Le controversie giuridiche sono risolte presso il Tribunale per noi competente.<\/p>\n<p>[\/et_pb_accordion_item][et_pb_accordion_item title=&#8221;Google YouTube&#8221; _builder_version=&#8221;4.19.0&#8243; global_colors_info=&#8221;{}&#8221; open=&#8221;off&#8221;]<\/p>\n<p>Interiamo i video del servizio \u201cYouTube\u201d del provider Google LLC, 1600 Amphitheatre Parkway, Mountain View, CA 94043, USA Non appena si accede alla pagina di questa homepage dotata di un video di YouTube e si inizia a giocare, viene stabilita una connessione ai server di YouTube. Questo indica al server di YouTube quale pagina specifica di questo sito web \u00e8 stata visitata. Se hai effettuato il login, il tuo comportamento di navigazione sar\u00e0 assegnato al tuo profilo personale. \u00c8 possibile disattivare questa opzione se prima si effettua il logout da YouTube. Per ulteriori informazioni sulla raccolta e l\u2019utilizzo dei tuoi dati da parte di YouTube, consulta la loro politica sulla privacy all\u2019indirizzo\u00a0<a href=\"http:\/\/www.youtube.com\/\">www.youtube.com<\/a>. Per ulteriori informazioni sulle pratiche sulla privacy di YouTube, consultare l\u2019informativa sulla privacy del fornitore all\u2019indirizzo\u00a0<a href=\"https:\/\/www.google.de\/intl\/de\/policies\/privacy\">https:\/\/www.google.de\/intl\/de\/policies\/privacy<\/a><\/p>\n<p>[\/et_pb_accordion_item][et_pb_accordion_item title=&#8221;Google Maps&#8221; _builder_version=&#8221;4.16&#8243; global_colors_info=&#8221;{}&#8221; open=&#8221;off&#8221;]<\/p>\n<p>Integriamo le mappe del servizio \u201cGoogle Maps\u201d del fornitore Google LLC, 1600 Amphitheatre Parkway, Mountain View, CA 94043, USA. Tra i dati trattati possono rientrare in particolare gli indirizzi IP e i dati di posizione degli utenti, questi tuttavia non vengono acquisiti senza il loro consenso (di norma nell\u2019ambito delle impostazioni dei loro apparecchi mobili). I dati possono essere trattati negli USA. Informativa sulla privacy:\u00a0<a href=\"https:\/\/www.google.com\/policies\/privacy\/\">https:\/\/www.google.com\/policies\/privacy\/<\/a>, Opt-Out:\u00a0<a href=\"https:\/\/adssettings.google.com\/authenticated\">https:\/\/adssettings.google.com\/authenticated<\/a><\/p>\n<p>[\/et_pb_accordion_item][et_pb_accordion_item title=&#8221;Google Fonts&#8221; _builder_version=&#8221;4.16&#8243; global_colors_info=&#8221;{}&#8221; open=&#8221;off&#8221;]<\/p>\n<p>Integriamo i font (\u201cGoogle Fonts\u201d) del provider Google LLC, 1600 Amphitheatre Parkway, Mountain View, CA 94043, USA. Informativa sulla privacy:\u00a0<a href=\"https:\/\/www.google.com\/policies\/privacy\/\">https:\/\/www.google.com\/policies\/privacy\/<\/a>, Opt-Out:\u00a0<a href=\"https:\/\/adssettings.google.com\/authenticated\">https:\/\/adssettings.google.com\/authenticated<\/a><\/p>\n<p>[\/et_pb_accordion_item][et_pb_accordion_item title=&#8221;Video, musica &amp; immagini&#8221; _builder_version=&#8221;4.27.4&#8243; hover_enabled=&#8221;0&#8243; global_colors_info=&#8221;{}&#8221; open=&#8221;on&#8221; sticky_enabled=&#8221;0&#8243;]<\/p>\n<p>\u00a9 kurisMEDiA di Raffeiner Kurt, Unterweckerlerhof, Brugger Otto, Tourismusverein Gsiesertal, <span>\u00a9 TG Gsiesertal_wisthaler.com \u2013 Wisthaler Harald, \u00a9 TG Gsiesertal_<\/span><span>Kamilla Photography,\u00a0<\/span><span>\u00a9 TG Gsiesertal_<\/span><span>Georg Hofer,\u00a0<\/span><span>\u00a9 TG Gsiesertal_<\/span><span>Elke Lessnig,\u00a0<\/span><span>\u00a9 TG Gsiesertal_<\/span><span>Anna Mazzoni, Pixabay<\/span><\/p>\n<p>[\/et_pb_accordion_item][et_pb_accordion_item title=&#8221;Risoluzione delle controversie online (ODR)&#8221; _builder_version=&#8221;4.16&#8243; global_colors_info=&#8221;{}&#8221; open=&#8221;off&#8221;]<\/p>\n<p>Informazione obbligatoria ai sensi del Regolamento UE n. 524\/2016 del Parlamento europeo e del Consiglio Piattaforma per la risoluzione delle controversie online dei consumatori (ODR) della Commissione europea:\u00a0<a href=\"https:\/\/www.ec.europa.eu\/consumers\/odr\">https:\/\/www.ec.europa.eu\/consumers\/odr<\/a><\/p>\n<p>[\/et_pb_accordion_item][\/et_pb_accordion][\/et_pb_column][\/et_pb_row][\/et_pb_section]<\/p>\n","protected":false},"excerpt":{"rendered":"<p>\u00a0 CreditsBrugger Otto Via Pater-Haspinger 2 39030 \u2013 S. Maddalena Casies Provincia di Bolzano Alto Adige \u2013 Italien \u00a0 PEC Email: ottobrugger@pec.it Email: info@unterweckerlerhof.it Sitoweb: www.unterweckerlerhof.it \u00a0 Tel.: +39-0474-835-855 P.IVA.\u00a0\u00a002963330218 Cod.Fisc. BRGTTO82C09B220F \u00a0 CIN: IT021109B5TIKD67EG Codice destinatario: ottobrugger@pec.it Camera di Commercio di Bolzano VWV BZ \u2013 220319 \u00a0kurisMEDiA di Raffeiner Kurt info@kurismedia.com www.kurismedia.com \u00a0 I [&hellip;]<\/p>\n","protected":false},"author":1,"featured_media":0,"parent":0,"menu_order":0,"comment_status":"closed","ping_status":"closed","template":"","meta":{"_et_pb_use_builder":"on","_et_pb_old_content":"","_et_gb_content_width":"","footnotes":""},"class_list":["post-890","page","type-page","status-publish","hentry"],"aioseo_notices":[],"_links":{"self":[{"href":"https:\/\/www.unterweckerlerhof.it\/it\/wp-json\/wp\/v2\/pages\/890","targetHints":{"allow":["GET"]}}],"collection":[{"href":"https:\/\/www.unterweckerlerhof.it\/it\/wp-json\/wp\/v2\/pages"}],"about":[{"href":"https:\/\/www.unterweckerlerhof.it\/it\/wp-json\/wp\/v2\/types\/page"}],"author":[{"embeddable":true,"href":"https:\/\/www.unterweckerlerhof.it\/it\/wp-json\/wp\/v2\/users\/1"}],"replies":[{"embeddable":true,"href":"https:\/\/www.unterweckerlerhof.it\/it\/wp-json\/wp\/v2\/comments?post=890"}],"version-history":[{"count":5,"href":"https:\/\/www.unterweckerlerhof.it\/it\/wp-json\/wp\/v2\/pages\/890\/revisions"}],"predecessor-version":[{"id":1212,"href":"https:\/\/www.unterweckerlerhof.it\/it\/wp-json\/wp\/v2\/pages\/890\/revisions\/1212"}],"wp:attachment":[{"href":"https:\/\/www.unterweckerlerhof.it\/it\/wp-json\/wp\/v2\/media?parent=890"}],"curies":[{"name":"wp","href":"https:\/\/api.w.org\/{rel}","templated":true}]}}