{"id":1070,"date":"2022-11-07T20:33:35","date_gmt":"2022-11-07T19:33:35","guid":{"rendered":"https:\/\/www.unterweckerlerhof.it\/mobilita-e-infrastrutture-locali\/"},"modified":"2022-11-09T20:39:19","modified_gmt":"2022-11-09T19:39:19","slug":"mobilita-e-infrastrutture-locali","status":"publish","type":"page","link":"https:\/\/www.unterweckerlerhof.it\/it\/mobilita-e-infrastrutture-locali\/","title":{"rendered":"Mobilit\u00e0 e infrastrutture locali"},"content":{"rendered":"<p>[et_pb_section fb_built=&#8221;1&#8243; admin_label=&#8221;Header&#8221; _builder_version=&#8221;4.16&#8243; use_background_color_gradient=&#8221;on&#8221; background_color_gradient_type=&#8221;circular&#8221; background_color_gradient_direction_radial=&#8221;top left&#8221; background_color_gradient_stops=&#8221;rgba(255,255,255,0.56) 30%|rgba(255,255,255,0) 80%&#8221; background_color_gradient_overlays_image=&#8221;on&#8221; background_color_gradient_start=&#8221;rgba(255,255,255,0.56)&#8221; background_color_gradient_start_position=&#8221;30%&#8221; background_color_gradient_end=&#8221;rgba(255,255,255,0)&#8221; background_color_gradient_end_position=&#8221;80%&#8221; background_image=&#8221;https:\/\/www.unterweckerlerhof.it\/wp-content\/uploads\/2020\/03\/Almlandschaft-Gsies-\u00a9TV-Gsieser-Tal_Georg-Hofer-1.jpg&#8221; custom_padding=&#8221;8vw|0px|280px|0px|false|false&#8221; global_colors_info=&#8221;{}&#8221;][et_pb_row _builder_version=&#8221;4.16&#8243; global_colors_info=&#8221;{}&#8221;][et_pb_column type=&#8221;4_4&#8243; _builder_version=&#8221;4.16&#8243; custom_padding=&#8221;|||&#8221; global_colors_info=&#8221;{}&#8221; custom_padding__hover=&#8221;|||&#8221;][et_pb_text _builder_version=&#8221;4.19.0&#8243; text_font=&#8221;||||||||&#8221; header_font=&#8221;Raleway|700|||||||&#8221; header_font_size=&#8221;80px&#8221; header_line_height=&#8221;1.2em&#8221; header_5_font=&#8221;Raleway|700||on|||||&#8221; header_5_text_color=&#8221;#000000&#8243; header_5_font_size=&#8221;20px&#8221; header_5_letter_spacing=&#8221;0.5em&#8221; header_5_line_height=&#8221;1.8em&#8221; animation_style=&#8221;zoom&#8221; animation_intensity_zoom=&#8221;5%&#8221; header_font_size_tablet=&#8221;48px&#8221; header_font_size_phone=&#8221;32px&#8221; header_font_size_last_edited=&#8221;on|phone&#8221; header_5_font_size_tablet=&#8221;14px&#8221; header_5_font_size_phone=&#8221;12px&#8221; header_5_font_size_last_edited=&#8221;on|desktop&#8221; global_colors_info=&#8221;{}&#8221;]<\/p>\n<p><strong>Mobilit\u00e0 e infrastrutture locali<\/strong><\/p>\n<h1>A S. Maddalena<\/h1>\n<p>[\/et_pb_text][\/et_pb_column][\/et_pb_row][\/et_pb_section][et_pb_section fb_built=&#8221;1&#8243; admin_label=&#8221;Blog&#8221; _builder_version=&#8221;4.16&#8243; background_color=&#8221;#ffffff&#8221; max_width=&#8221;90%&#8221; max_width_tablet=&#8221;&#8221; max_width_phone=&#8221;100%&#8221; max_width_last_edited=&#8221;on|phone&#8221; custom_margin=&#8221;-160px|||&#8221; border_color_all=&#8221;#ffffff&#8221; border_width_left=&#8221;10vw&#8221; global_colors_info=&#8221;{}&#8221;][et_pb_row _builder_version=&#8221;4.16&#8243; global_colors_info=&#8221;{}&#8221;][et_pb_column type=&#8221;4_4&#8243; _builder_version=&#8221;4.16&#8243; global_colors_info=&#8221;{}&#8221;][et_pb_text _builder_version=&#8221;4.19.0&#8243; global_colors_info=&#8221;{}&#8221;]<\/p>\n<h2><strong><u>Informazioni sulla mobilit\u00e0 e sulle infrastrutture locali: <\/u><\/strong><\/h2>\n<p>Mobilit\u00e1 \u2013 comprensori sciistici<\/p>\n<p>La fermata dell&#8217;autobus si trova a 950 metri dalla casa, proprio accanto alla chiesa di Santa Maddalena; gli autobus circolano ogni ora. La stazione ferroviaria pi\u00f9 vicina \u00e8 quella di Monguelfo, a circa 16 km di distanza, \u00a0i treni passano ogni mezz&#8217;ora in entrambe le direzioni (San Candido e Franzensfeste).<\/p>\n<p>I due comprensori sciistici pi\u00f9 grandi sono facilmente raggiungibili con il treno. In Val Pusteria infatti il treno \u00e8 la soluzione migliore per chi vuole passare da un&#8217;area sciistica all&#8217;altra: Monguelfo a Perca 13 minuti, Monguelfo a Versciaco 28 minuti. \u00a0Dalla stazione ferroviaria di Perca infatti, si sale direttamente nella cabinovia a 10 posti con sedili in pelle riscaldati della funivia a movimento continuo del Ried e si raggiungono cos\u00ec rapidamente le piste del Plan de Corones. Chi ama cambiare poi, pu\u00f2 raggiungere l&#8217;area sciistica delle Dolomiti di Sesto con il treno, che nei giorni feriali transita ogni 30 minuti, la domenica e festivi uno ogni ora.<\/p>\n<p>\u00a0Inoltre, ogni inverno a Gsies viene organizzato uno skibus giornaliero che porta direttamente alle aree sciistiche. Contattare l&#8217;ufficio turistico.<\/p>\n<p>Gli orari costantemente aggiornati sono disponibili all&#8217;ingresso della casa e possono essere consultati anche online. <a href=\"https:\/\/www.suedtirolmobil.info\/it\/\">https:\/\/www.suedtirolmobil.info\/it\/<\/a><\/p>\n<p>[\/et_pb_text][\/et_pb_column][\/et_pb_row][et_pb_row _builder_version=&#8221;4.16&#8243; global_colors_info=&#8221;{}&#8221;][et_pb_column type=&#8221;4_4&#8243; _builder_version=&#8221;4.16&#8243; global_colors_info=&#8221;{}&#8221;][et_pb_text _builder_version=&#8221;4.19.0&#8243; global_colors_info=&#8221;{}&#8221;]<\/p>\n<h2><u>Negozi:<\/u><\/h2>\n<p><strong>Negozio Reier (0,95km)<\/strong><\/p>\n<p>Maddalena 41<\/p>\n<p>39030 Val Casies \/ S. Maddalena<\/p>\n<p>+39 0474 948116<\/p>\n<p>Piccolo negozio alimentari e generi misti in Val Casies\/S. Maddalena.<\/p>\n<p>Orario d&#8217;apertura<\/p>\n<p>07:30 \u2013 12:00; 15:00 \u2013 19:00 \u00a0Lu Ma Me Ve<\/p>\n<p>07:30 \u2013 12:00\u00a0 Gio Sa<\/p>\n<p><strong>Despar Amhof (2,30km)<\/strong><\/p>\n<p>Via San Martino 11 a<\/p>\n<p>39030 Val Casies \/ S. Martino<\/p>\n<p>info@amhof.bz.it<\/p>\n<p>+39 0474 978408<\/p>\n<p><a href=\"http:\/\/www.amhof.bz.it\">www.amhof.bz.it<\/a><\/p>\n<p>Negozio di alimentari con panetteria e pasticceria propria. Prodotti misti, quotidiani e settimanali, tabacchi.<\/p>\n<p>Orario d&#8217;apertura<\/p>\n<p>07:30 \u2013 12:00; 15:00 \u2013 18:30 \u00a0Lu Ma Me Ve<\/p>\n<p>07:30 \u2013 12:00\u00a0 Gio Sa<\/p>\n<h2><u>Farmacie: <\/u><\/h2>\n<p><strong>Farmacia al Castello (15,8km)<\/strong><br \/>Via Parrocchia 1 a<br \/>39035 Monguelfo-Tesido \/ Monguelfo<\/p>\n<p>info@apothekewelsberg.it<br \/><a href=\"tel:+39%200474%20944112\">+39 0474 944112<\/a><br \/><a href=\"http:\/\/www.apothekewelsberg.it\/\">www.apothekewelsberg.it<\/a><\/p>\n<p>Orario d&#8217;apertura<\/p>\n<p>08:30 \u2013 12:30, 15:00 \u2013 19:00; Lu Ma Me\u00a0 Gio Ve<\/p>\n<p>08:30 \u2013 12:00 Sa<\/p>\n<p>&nbsp;<\/p>\n<p><strong>Distribuzione medicinali (2,30km)<br \/><\/strong>Via San Martino 10 a<\/p>\n<p>39030 Val Casies \/ S. Martino<\/p>\n<p>info@apothekewelsberg.it<\/p>\n<p>+39 0474 948543<\/p>\n<p>www.apothekewelsberg.it<\/p>\n<p>Orario d&#8217;apertura<\/p>\n<p>09:00 \u2013 12:00; Lu Me Ve<\/p>\n<p>[\/et_pb_text][\/et_pb_column][\/et_pb_row][\/et_pb_section][et_pb_section fb_built=&#8221;1&#8243; admin_label=&#8221;Reservations&#8221; _builder_version=&#8221;4.16&#8243; use_background_color_gradient=&#8221;on&#8221; background_color_gradient_direction=&#8221;150deg&#8221; background_color_gradient_stops=&#8221;#2f3a44 25%|rgba(38,46,53,0) 100%&#8221; background_color_gradient_overlays_image=&#8221;on&#8221; background_color_gradient_start=&#8221;#2f3a44&#8243; background_color_gradient_start_position=&#8221;25%&#8221; background_color_gradient_end=&#8221;rgba(38,46,53,0)&#8221; background_image=&#8221;https:\/\/www.unterweckerlerhof.it\/wp-content\/uploads\/2020\/03\/20191222_163314.jpg&#8221; custom_padding=&#8221;8vw|0px|280px|0px|false|false&#8221; global_colors_info=&#8221;{}&#8221;][et_pb_row column_structure=&#8221;1_2,1_2&#8243; use_custom_gutter=&#8221;on&#8221; make_equal=&#8221;on&#8221; _builder_version=&#8221;4.16&#8243; global_colors_info=&#8221;{}&#8221;][et_pb_column type=&#8221;1_2&#8243; _builder_version=&#8221;4.16&#8243; custom_padding=&#8221;|||&#8221; global_colors_info=&#8221;{}&#8221; custom_padding__hover=&#8221;|||&#8221;][et_pb_text _builder_version=&#8221;4.16&#8243; text_font=&#8221;||||||||&#8221; text_font_size=&#8221;16px&#8221; text_line_height=&#8221;2em&#8221; header_font=&#8221;||||||||&#8221; header_2_font=&#8221;Raleway|700|||||||&#8221; header_2_font_size=&#8221;50px&#8221; header_2_line_height=&#8221;1.2em&#8221; header_6_font=&#8221;Raleway|700||on|||||&#8221; header_6_font_size=&#8221;16px&#8221; header_6_letter_spacing=&#8221;5px&#8221; header_6_line_height=&#8221;1.8em&#8221; background_layout=&#8221;dark&#8221; max_width_tablet=&#8221;&#8221; max_width_phone=&#8221;&#8221; max_width_last_edited=&#8221;on|desktop&#8221; header_2_font_size_tablet=&#8221;35px&#8221; header_2_font_size_phone=&#8221;25px&#8221; header_2_font_size_last_edited=&#8221;on|phone&#8221; locked=&#8221;off&#8221; global_colors_info=&#8221;{}&#8221;]<\/p>\n<h6>VISITATE S. MADDALENA CASIES<\/h6>\n<h2>Venite a trovarci!<\/h2>\n<p>La Val Casies \u00e8 unica per la sua cultura rurale intensamente vissuta e le meravigliose fattorie vecchie e nuove, che sono coltivate con devozione. I numerosi pascoli alpini, che sono amorevolmente ravvivati ogni primavera, sembrano quasi infiniti.<\/p>\n<p>[\/et_pb_text][\/et_pb_column][et_pb_column type=&#8221;1_2&#8243; _builder_version=&#8221;4.16&#8243; custom_padding=&#8221;|||&#8221; custom_padding_tablet=&#8221;0px||0px||true&#8221; global_colors_info=&#8221;{}&#8221; padding_tablet=&#8221;0px||0px||true&#8221; custom_padding__hover=&#8221;|||&#8221;][et_pb_button button_url=&#8221;@ET-DC@eyJkeW5hbWljIjp0cnVlLCJjb250ZW50IjoicG9zdF9saW5rX3VybF9wYWdlIiwic2V0dGluZ3MiOnsicG9zdF9pZCI6Ijg3In19@&#8221; button_text=&#8221;Contatto&#8221; button_alignment=&#8221;right&#8221; _builder_version=&#8221;4.16&#8243; _dynamic_attributes=&#8221;button_url&#8221; custom_button=&#8221;on&#8221; button_text_color=&#8221;#000000&#8243; button_bg_color=&#8221;#ffffff&#8221; button_border_width=&#8221;10px&#8221; button_border_color=&#8221;rgba(0,0,0,0)&#8221; button_border_radius=&#8221;0px&#8221; button_font=&#8221;Raleway|700|||||||&#8221; button_border_radius_hover=&#8221;0px&#8221; locked=&#8221;off&#8221; global_colors_info=&#8221;{}&#8221; button_text_size__hover_enabled=&#8221;off&#8221; button_one_text_size__hover_enabled=&#8221;off&#8221; button_two_text_size__hover_enabled=&#8221;off&#8221; button_text_color__hover_enabled=&#8221;off&#8221; button_one_text_color__hover_enabled=&#8221;off&#8221; button_two_text_color__hover_enabled=&#8221;off&#8221; button_border_width__hover_enabled=&#8221;off&#8221; button_one_border_width__hover_enabled=&#8221;off&#8221; button_two_border_width__hover_enabled=&#8221;off&#8221; button_border_color__hover_enabled=&#8221;off&#8221; button_one_border_color__hover_enabled=&#8221;off&#8221; button_two_border_color__hover_enabled=&#8221;off&#8221; button_border_radius__hover_enabled=&#8221;on&#8221; button_border_radius__hover=&#8221;0px&#8221; button_one_border_radius__hover_enabled=&#8221;off&#8221; button_two_border_radius__hover_enabled=&#8221;off&#8221; button_letter_spacing__hover_enabled=&#8221;off&#8221; button_one_letter_spacing__hover_enabled=&#8221;off&#8221; button_two_letter_spacing__hover_enabled=&#8221;off&#8221; button_bg_color__hover_enabled=&#8221;off&#8221; button_one_bg_color__hover_enabled=&#8221;off&#8221; button_two_bg_color__hover_enabled=&#8221;off&#8221;][\/et_pb_button][\/et_pb_column][\/et_pb_row][\/et_pb_section]<\/p>\n","protected":false},"excerpt":{"rendered":"<p>Mobilit\u00e0 e infrastrutture locali A S. MaddalenaInformazioni sulla mobilit\u00e0 e sulle infrastrutture locali: Mobilit\u00e1 \u2013 comprensori sciistici La fermata dell&#8217;autobus si trova a 950 metri dalla casa, proprio accanto alla chiesa di Santa Maddalena; gli autobus circolano ogni ora. La stazione ferroviaria pi\u00f9 vicina \u00e8 quella di Monguelfo, a circa 16 km di distanza, \u00a0i [&hellip;]<\/p>\n","protected":false},"author":1,"featured_media":0,"parent":0,"menu_order":0,"comment_status":"closed","ping_status":"closed","template":"","meta":{"_et_pb_use_builder":"on","_et_pb_old_content":"","_et_gb_content_width":"","footnotes":""},"class_list":["post-1070","page","type-page","status-publish","hentry"],"aioseo_notices":[],"_links":{"self":[{"href":"https:\/\/www.unterweckerlerhof.it\/it\/wp-json\/wp\/v2\/pages\/1070","targetHints":{"allow":["GET"]}}],"collection":[{"href":"https:\/\/www.unterweckerlerhof.it\/it\/wp-json\/wp\/v2\/pages"}],"about":[{"href":"https:\/\/www.unterweckerlerhof.it\/it\/wp-json\/wp\/v2\/types\/page"}],"author":[{"embeddable":true,"href":"https:\/\/www.unterweckerlerhof.it\/it\/wp-json\/wp\/v2\/users\/1"}],"replies":[{"embeddable":true,"href":"https:\/\/www.unterweckerlerhof.it\/it\/wp-json\/wp\/v2\/comments?post=1070"}],"version-history":[{"count":0,"href":"https:\/\/www.unterweckerlerhof.it\/it\/wp-json\/wp\/v2\/pages\/1070\/revisions"}],"wp:attachment":[{"href":"https:\/\/www.unterweckerlerhof.it\/it\/wp-json\/wp\/v2\/media?parent=1070"}],"curies":[{"name":"wp","href":"https:\/\/api.w.org\/{rel}","templated":true}]}}